{"id":117000,"date":"2021-07-17T03:54:27","date_gmt":"2021-07-17T03:54:27","guid":{"rendered":"https:\/\/gkazas.com\/product\/subscription\/"},"modified":"2023-02-07T10:44:25","modified_gmt":"2023-02-07T10:44:25","slug":"subscription","status":"publish","type":"product","link":"https:\/\/testing.gkazas.com\/fr\/produit\/subscription\/","title":{"rendered":"Abonnement"},"content":{"rendered":"<h3>Canette d&#8217;abonnement de 300ml<\/h3>\n<p>La nouvelle \u00e9dition de la famille <a href=\"https:\/\/gkazas.com\/nl\/ons-verhaal\/\" rel=\"nofollow noopener\" target=\"_blank\">Gkazas<\/a>\u00a0! Nous sommes tr\u00e8s fiers de notre canette d&#8217;abonnement de 300ML. Il s&#8217;agit de la toute premi\u00e8re bo\u00eete de conserve con\u00e7ue de mani\u00e8re qu&#8217;elle passe directement dans votre bo\u00eete aux lettres. Bien s\u00fbr, il a le m\u00eame look de <a href=\"https:\/\/gkazas.com\/nl\/ons-verhaal\/\" rel=\"nofollow noopener\" target=\"_blank\">Gkazas<\/a> que nos autres canettes. La diff\u00e9rence, afin de la faire passer dans votre bo\u00eete aux lettres et de lui donner un design astucieux pour le stockage, la bo\u00eete est beaucoup plus large et moins haute (pas plus de 2,7 centim\u00e8tres).<\/p>\n<p>La canette de 300 ml avec son\u00a0bouchon verseur typique pleine d&#8217;huile d&#8217;olive grecque. Ce bouchon verseur est situ\u00e9 pr\u00e8s de l&#8217;un des c\u00f4t\u00e9s de la canette, ce qui vous permet de ne pas renverser votre pr\u00e9cieuse huile tout en la versant de votre canette. Notre huile d&#8217;olive extra vierge est 100% naturelle, biologique, non filtr\u00e9e et press\u00e9e \u00e0 froid. De plus, il n&#8217;est pas m\u00e9lang\u00e9 avec d&#8217;autres huiles et exempt d&#8217;autres additifs.<\/p>\n<p>Au fait, saviez-vous que nous faisons tout notre possible pour garantir un produit familial honn\u00eate ? Cela signifie que nous produisons nous-m\u00eames l&#8217;huile d&#8217;olive <a href=\"https:\/\/gkazas.com\/nl\/ons-verhaal\/\" rel=\"nofollow noopener\" target=\"_blank\">Gkazas<\/a> et avec l&#8217;aide d&#8217;agriculteurs amis dans les montagnes de Cr\u00e8te. La r\u00e9colte et la pression se font de la mani\u00e8re la plus authentique possible : de nos propres mains. C&#8217;est la seule fa\u00e7on de garantir une huile d&#8217;olive extra vierge de la meilleure qualit\u00e9.<\/p>\n<p>Pendant ce temps, pendant que nous sommes occup\u00e9s \u00e0 cueillir les olives des arbres cr\u00e9tois, les bo\u00eetes de 300ML sont produites. Aussi en Cr\u00e8te. Apr\u00e8s avoir stock\u00e9 notre huile d&#8217;olive dans de grands f\u00fbts pour le processus de d\u00e9cantation naturelle qui dure quelques mois, nous remplissons les canettes avec amour et les pr\u00e9parons pour le transport vers les Pays-Bas\u00a0: un produit familial enti\u00e8rement cr\u00e9tois.<\/p>\n<p>Vous pouvez retourner notre produit dans les 30 jours si vous n&#8217;\u00eates pas satisfait \u00e0 100 % \u00a0du produit par rapport \u00e0 son prix total.<\/p>\n<p>Tous les produits \u00e0 retourner doivent \u00eatre renvoy\u00e9s dans leur \u00e9tat d&#8217;origine.<\/p>\n<p>Article ID: 915<br \/>\nEAN: 8719327000915<\/p>\n","protected":false},"excerpt":{"rendered":" ","protected":false},"featured_media":117001,"template":"","meta":[],"product_cat":[675],"product_tag":[],"acf":[],"_links":{"self":[{"href":"https:\/\/testing.gkazas.com\/fr\/wp-json\/wp\/v2\/product\/117000"}],"collection":[{"href":"https:\/\/testing.gkazas.com\/fr\/wp-json\/wp\/v2\/product"}],"about":[{"href":"https:\/\/testing.gkazas.com\/fr\/wp-json\/wp\/v2\/types\/product"}],"wp:featuredmedia":[{"embeddable":true,"href":"https:\/\/testing.gkazas.com\/fr\/wp-json\/wp\/v2\/media\/117001"}],"wp:attachment":[{"href":"https:\/\/testing.gkazas.com\/fr\/wp-json\/wp\/v2\/media?parent=117000"}],"wp:term":[{"taxonomy":"product_cat","embeddable":true,"href":"https:\/\/testing.gkazas.com\/fr\/wp-json\/wp\/v2\/product_cat?post=117000"},{"taxonomy":"product_tag","embeddable":true,"href":"https:\/\/testing.gkazas.com\/fr\/wp-json\/wp\/v2\/product_tag?post=117000"}],"curies":[{"name":"wp","href":"https:\/\/api.w.org\/{rel}","templated":true}]}}