{"id":116982,"date":"2021-03-18T11:23:55","date_gmt":"2021-03-18T11:23:55","guid":{"rendered":"https:\/\/gkazas.com\/product\/50ml-box\/"},"modified":"2022-06-07T15:55:31","modified_gmt":"2022-06-07T15:55:31","slug":"50ml-box","status":"publish","type":"product","link":"https:\/\/testing.gkazas.com\/fr\/produit\/50ml-box\/","title":{"rendered":"Gkazas 50ml (bo\u00eete)"},"content":{"rendered":"<h3>Canette de\u00a050ml\u00a0d&#8217;huile d&#8217;olive<\/h3>\n<p>Le petit! Notre plus petite canette est la derni\u00e8re addition \u00e0 notre gamme et pourrait bien \u00eatre notre produit le plus innovant \u00e0 ce jour. En raison de sa taille et de son design, il peut passer directement dans votre bo\u00eete aux lettres ! Cool, hein\u00a0? Il n&#8217;est possible de commander ces canettes que 48 \u00e0 la fois. Vous en recevez une bo\u00eete enti\u00e8re chez vous. Cette bo\u00eete ne passera \u00e9videmment pas dans votre bo\u00eete aux lettres !<\/p>\n<p>Ainsi, m\u00eame si l&#8217;une de ces canettes peut sembler petite, ensemble, elles sont solides. Une \u00e0 une, elles sont richement remplies de notre huile d&#8217;olive extra vierge. Saviez-vous que l&#8217;huile d&#8217;olive Gkazas est non filtr\u00e9e, biologique et press\u00e9e \u00e0 froid ? Et qu&#8217;elle est exempte d&#8217;additifs et non m\u00e9lang\u00e9e \u00e0 d&#8217;autres huiles ? Oui, 100% naturel !<\/p>\n<p>L&#8217;huile d&#8217;olive Gkazas est produite sur nos propres terres dans les montagnes de Cr\u00e8te. Nous produisons notre huile d&#8217;olive \u00e0 la main : de la mani\u00e8re la plus authentique qui soit ! Cela implique la production enti\u00e8re, de la r\u00e9colte \u00e0 la pression. Ce n&#8217;est que par cette voie authentique que nous pouvons garantir que notre huile d&#8217;olive extra vierge est de la meilleure qualit\u00e9. Le fait que notre huile d&#8217;olive grecque soit un produit familial honn\u00eate est la cerise sur le g\u00e2teau.<\/p>\n<p>Vous pouvez retourner notre produit dans les 30 jours si vous n&#8217;\u00eates pas satisfait \u00e0 100 % du co\u00fbt total du produit.<\/p>\n<p>Tous les produits \u00e0 retourner doivent \u00eatre renvoy\u00e9s dans leur \u00e9tat d&#8217;origine.<\/p>\n<p>&nbsp;<\/p>\n<p>Article ID: 9046<br \/>\nEAN:<\/p>\n","protected":false},"excerpt":{"rendered":" ","protected":false},"featured_media":131601,"template":"","meta":[],"product_cat":[675],"product_tag":[],"acf":[],"_links":{"self":[{"href":"https:\/\/testing.gkazas.com\/fr\/wp-json\/wp\/v2\/product\/116982"}],"collection":[{"href":"https:\/\/testing.gkazas.com\/fr\/wp-json\/wp\/v2\/product"}],"about":[{"href":"https:\/\/testing.gkazas.com\/fr\/wp-json\/wp\/v2\/types\/product"}],"wp:featuredmedia":[{"embeddable":true,"href":"https:\/\/testing.gkazas.com\/fr\/wp-json\/wp\/v2\/media\/131601"}],"wp:attachment":[{"href":"https:\/\/testing.gkazas.com\/fr\/wp-json\/wp\/v2\/media?parent=116982"}],"wp:term":[{"taxonomy":"product_cat","embeddable":true,"href":"https:\/\/testing.gkazas.com\/fr\/wp-json\/wp\/v2\/product_cat?post=116982"},{"taxonomy":"product_tag","embeddable":true,"href":"https:\/\/testing.gkazas.com\/fr\/wp-json\/wp\/v2\/product_tag?post=116982"}],"curies":[{"name":"wp","href":"https:\/\/api.w.org\/{rel}","templated":true}]}}