{"id":116977,"date":"2021-03-18T11:21:57","date_gmt":"2021-03-18T11:21:57","guid":{"rendered":"https:\/\/gkazas.com\/product\/750ml\/"},"modified":"2022-07-12T12:37:07","modified_gmt":"2022-07-12T12:37:07","slug":"750ml","status":"publish","type":"product","link":"https:\/\/testing.gkazas.com\/fr\/produit\/750ml\/","title":{"rendered":"Gkazas bouteille 750ml"},"content":{"rendered":"<h3>Bouteille 750ml d&#8217;huile d&#8217;olive<\/h3>\n<p>Le touche-\u00e0-tout\u00a0! Cette bouteille puissante est destin\u00e9e au passionn\u00e9 qui se conna\u00eet vraiment et comprend \u00e0 quel point il veut laisser couler l&#8217;huile. Des cuisiniers amateurs aux professionnels, en passant par les blogueurs culinaires et les gros consommateurs : ils savent tous quoi faire avec cette bouteille.<\/p>\n<p>La belle bouteille de 750ML ! L&#8217;huile d&#8217;olive extra vierge Gkazas est exempte d&#8217;additifs et n&#8217;est pas m\u00e9lang\u00e9e \u00e0 d&#8217;autres huiles. De plus, elle est non filtr\u00e9e, biologique et press\u00e9e \u00e0 froid. Un produit 100% naturel !<\/p>\n<p>Nous mettons tout en \u0153uvre pour garantir un produit familial honn\u00eate. Notre huile d&#8217;olive extra vierge est produite sur nos propres terres en Cr\u00e8te. La r\u00e9colte et la pression se font de nos propres mains, de la mani\u00e8re la plus authentique possible. Ce n&#8217;est qu&#8217;ainsi que nous pouvons garantir une huile d&#8217;olive grecque de la plus haute qualit\u00e9.<\/p>\n<p>Alors que nous sommes tr\u00e8s occup\u00e9s \u00e0 faire tomber les olives des arbres cr\u00e9tois, cette bouteille de 750 ml prend vie en Europe de l&#8217;Est. Saviez-vous qu&#8217;apr\u00e8s quelques mois de d\u00e9cantation naturelle, notre huile d&#8217;olive extra vierge est transport\u00e9e aux Pays-Bas o\u00f9 les bouteilles attendent d&#8217;\u00eatre remplies\u00a0?<\/p>\n<p>Vous pouvez retourner notre produit dans les 30 jours si vous n&#8217;\u00eates pas satisfait \u00e0 100 % du co\u00fbt total du produit.<\/p>\n<p>Tous les produits \u00e0 retourner doivent \u00eatre renvoy\u00e9s dans leur \u00e9tat d&#8217;origine.<\/p>\n<p>&nbsp;<\/p>\n<p>ID de l&#8217;article: 2527<br \/>\nEAN: 8717953082527<\/p>\n","protected":false},"excerpt":{"rendered":" ","protected":false},"featured_media":116981,"template":"","meta":[],"product_cat":[675],"product_tag":[],"acf":[],"_links":{"self":[{"href":"https:\/\/testing.gkazas.com\/fr\/wp-json\/wp\/v2\/product\/116977"}],"collection":[{"href":"https:\/\/testing.gkazas.com\/fr\/wp-json\/wp\/v2\/product"}],"about":[{"href":"https:\/\/testing.gkazas.com\/fr\/wp-json\/wp\/v2\/types\/product"}],"wp:featuredmedia":[{"embeddable":true,"href":"https:\/\/testing.gkazas.com\/fr\/wp-json\/wp\/v2\/media\/116981"}],"wp:attachment":[{"href":"https:\/\/testing.gkazas.com\/fr\/wp-json\/wp\/v2\/media?parent=116977"}],"wp:term":[{"taxonomy":"product_cat","embeddable":true,"href":"https:\/\/testing.gkazas.com\/fr\/wp-json\/wp\/v2\/product_cat?post=116977"},{"taxonomy":"product_tag","embeddable":true,"href":"https:\/\/testing.gkazas.com\/fr\/wp-json\/wp\/v2\/product_tag?post=116977"}],"curies":[{"name":"wp","href":"https:\/\/api.w.org\/{rel}","templated":true}]}}