{"id":116964,"date":"2021-01-14T11:41:11","date_gmt":"2021-01-14T11:41:11","guid":{"rendered":"https:\/\/gkazas.com\/product\/200ml\/"},"modified":"2023-02-08T10:15:13","modified_gmt":"2023-02-08T10:15:13","slug":"200ml","status":"publish","type":"product","link":"https:\/\/testing.gkazas.com\/fr\/produit\/200ml\/","title":{"rendered":"Gkazas 200ml"},"content":{"rendered":"<h3>Canette de 200ml d&#8217;huile d&#8217;olive<\/h3>\n<p>Notre Mini ! Cette jolie petite bo\u00eete en m\u00e9tal est le cadeau parfait si vous voulez vraiment surprendre quelqu&#8217;un avec quelque chose d&#8217;unique. Nous avons con\u00e7u la canette nous-m\u00eames et elle est fabriqu\u00e9e, remplie et transport\u00e9e \u00e0 deux pas de notre vignoble d&#8217;oliviers. Un vrai produit cr\u00e9tois du d\u00e9but \u00e0 la fin !<\/p>\n<p>La plus petite canette que nous ayons, la 200ml. Mais pas de soucis, elle est pleine \u00e0 craquer de notre huile d&#8217;olive extra <a href=\"https:\/\/gkazas.com\/nl\/extra-vierge-olijfolie\/\" target=\"_blank\" rel=\"noopener nofollow\">vierge<\/a> non filtr\u00e9e, biologique et press\u00e9e \u00e0 froid. De plus, nous veillons \u00e0 ce que notre huile d&#8217;olive ne soit pas m\u00e9lang\u00e9e \u00e0 d&#8217;autres huiles et qu&#8217;elle soit totalement exempte d&#8217;additifs. Rien que la nature !<\/p>\n<p>En plus, notre huile extra <a href=\"https:\/\/gkazas.com\/nl\/extra-vierge-olijfolie\/\" target=\"_blank\" rel=\"noopener nofollow\">vierge<\/a> est un vrai\u00a0produit familial. Nous produisons nous-m\u00eames l&#8217;huile d&#8217;olive <a href=\"https:\/\/gkazas.com\/nl\/winkel\/\" target=\"_blank\" rel=\"noopener nofollow\">Gkazas<\/a> sur nos propres terres dans les montagnes de Cr\u00e8te. L&#8217;ensemble du processus, du d\u00e9but \u00e0 la fin, se fait de la mani\u00e8re la plus authentique possible\u00a0: par nos propres mains. Ce n&#8217;est qu&#8217;alors que nous pourrons garantir la meilleure qualit\u00e9 d&#8217;huile d&#8217;olive grecque.<\/p>\n<p>Vous pouvez retourner notre produit dans les 30 jours si vous n&#8217;\u00eates pas satisfait \u00e0 100 % du co\u00fbt total du produit.<\/p>\n<p>Tous les produits \u00e0 retourner doivent \u00eatre renvoy\u00e9s dans leur \u00e9tat d&#8217;origine.<\/p>\n<p>ID de l&#8217;article\u00a0: 2558<br \/>\nEAN\u00a0: 8717953082558<\/p>\n<p>&nbsp;<\/p>\n","protected":false},"excerpt":{"rendered":" ","protected":false},"featured_media":116971,"template":"","meta":[],"product_cat":[675],"product_tag":[],"acf":[],"_links":{"self":[{"href":"https:\/\/testing.gkazas.com\/fr\/wp-json\/wp\/v2\/product\/116964"}],"collection":[{"href":"https:\/\/testing.gkazas.com\/fr\/wp-json\/wp\/v2\/product"}],"about":[{"href":"https:\/\/testing.gkazas.com\/fr\/wp-json\/wp\/v2\/types\/product"}],"wp:featuredmedia":[{"embeddable":true,"href":"https:\/\/testing.gkazas.com\/fr\/wp-json\/wp\/v2\/media\/116971"}],"wp:attachment":[{"href":"https:\/\/testing.gkazas.com\/fr\/wp-json\/wp\/v2\/media?parent=116964"}],"wp:term":[{"taxonomy":"product_cat","embeddable":true,"href":"https:\/\/testing.gkazas.com\/fr\/wp-json\/wp\/v2\/product_cat?post=116964"},{"taxonomy":"product_tag","embeddable":true,"href":"https:\/\/testing.gkazas.com\/fr\/wp-json\/wp\/v2\/product_tag?post=116964"}],"curies":[{"name":"wp","href":"https:\/\/api.w.org\/{rel}","templated":true}]}}