{"id":116957,"date":"2021-03-18T11:20:07","date_gmt":"2021-03-18T11:20:07","guid":{"rendered":"https:\/\/gkazas.com\/product\/500ml\/"},"modified":"2022-07-12T12:34:49","modified_gmt":"2022-07-12T12:34:49","slug":"500ml","status":"publish","type":"product","link":"https:\/\/testing.gkazas.com\/fr\/produit\/500ml\/","title":{"rendered":"Gkazas bouteille de 500ml"},"content":{"rendered":"<h3>Bouteille 500ml d&#8217;huile d&#8217;olive<\/h3>\n<p>La classique! Lorsque la lumi\u00e8re capte la belle couleur de cette bouteille verte, une autre dimension s&#8217;ajoute \u00e0 votre sensation gustative. On adore la poser sur la table o\u00f9 elle par la suite sera partag\u00e9e. Inutile de dire que&#8217;une bonne huile rassemble des gens sympa!<\/p>\n<p>La bouteille pratique de 500 ml pleine d&#8217;huile d&#8217;olive 100% naturelle. Notre huile grecque est notamment exempte d&#8217;additifs, non m\u00e9lang\u00e9e \u00e0 d&#8217;autres huiles, non filtr\u00e9e, biologique et press\u00e9e \u00e0 froid.<\/p>\n<p>Notre huile d&#8217;olive grecque est un produit familial honn\u00eate. Nous le produisons sur nos propres terres dans les montagnes de Cr\u00e8te. La r\u00e9colte et la pression sont faites \u00e0 la main : la mani\u00e8re la plus authentique qui soit. Pour cette raison, nous pouvons garantir une huile d&#8217;olive extra vierge de la plus haute qualit\u00e9.<\/p>\n<p>Un petit fait amusant : cette bouteille est fabriqu\u00e9e en m\u00eame temps que nous cueillons les olives des arbres en Cr\u00e8te. Cela se passe en Europe de l&#8217;Est. Alors que l&#8217;huile d&#8217;olive extra vierge est en train de se filtrer par la d\u00e9cantation naturelle, des bouteilles vides sont transport\u00e9es aux Pays-Bas. L\u00e0, elles attendent d&#8217;\u00eatre remplies de notre nouvelle r\u00e9colte d&#8217;huile d&#8217;olive biologique. Un produit typiquement grec !<\/p>\n<p>Vous pouvez retourner notre produit dans les 30 jours si vous n&#8217;\u00eates pas satisfait \u00e0 100 % du co\u00fbt total du produit.<\/p>\n<p>Tous les produits \u00e0 retourner doivent \u00eatre renvoy\u00e9s dans leur \u00e9tat d&#8217;origine.<\/p>\n<p>ID de l&#8217;article\u00a0: 2503<br \/>\nEAN\u00a0: 8717953082503<\/p>\n<p>&nbsp;<\/p>\n","protected":false},"excerpt":{"rendered":" ","protected":false},"featured_media":116963,"template":"","meta":[],"product_cat":[675],"product_tag":[],"acf":[],"_links":{"self":[{"href":"https:\/\/testing.gkazas.com\/fr\/wp-json\/wp\/v2\/product\/116957"}],"collection":[{"href":"https:\/\/testing.gkazas.com\/fr\/wp-json\/wp\/v2\/product"}],"about":[{"href":"https:\/\/testing.gkazas.com\/fr\/wp-json\/wp\/v2\/types\/product"}],"wp:featuredmedia":[{"embeddable":true,"href":"https:\/\/testing.gkazas.com\/fr\/wp-json\/wp\/v2\/media\/116963"}],"wp:attachment":[{"href":"https:\/\/testing.gkazas.com\/fr\/wp-json\/wp\/v2\/media?parent=116957"}],"wp:term":[{"taxonomy":"product_cat","embeddable":true,"href":"https:\/\/testing.gkazas.com\/fr\/wp-json\/wp\/v2\/product_cat?post=116957"},{"taxonomy":"product_tag","embeddable":true,"href":"https:\/\/testing.gkazas.com\/fr\/wp-json\/wp\/v2\/product_tag?post=116957"}],"curies":[{"name":"wp","href":"https:\/\/api.w.org\/{rel}","templated":true}]}}