{"id":116938,"date":"2021-01-14T11:40:25","date_gmt":"2021-01-14T11:40:25","guid":{"rendered":"https:\/\/gkazas.com\/product\/40ml-box\/"},"modified":"2022-06-08T11:17:16","modified_gmt":"2022-06-08T11:17:16","slug":"40ml-box","status":"publish","type":"product","link":"https:\/\/testing.gkazas.com\/fr\/produit\/40ml-box\/","title":{"rendered":"Gkazas 40ml (bo\u00eete)"},"content":{"rendered":"<p>La petite! Notre plus petite bouteille est d\u00e9finitivement un accroche-regard et nous en sommes tr\u00e8s fiers. Ce n&#8217;est pas pour rien que nous disons : celui qui ne se baisse pas pour ramasser une \u00e9pingle, n&#8217;est pas digne de trouver un livre. Il n&#8217;est possible de commander ces bouteilles que 35 \u00e0 la fois. Vous en recevez une bo\u00eete enti\u00e8re chez vous. Qui ne veut pas \u00e7a ?<\/p>\n<p>Ensemble, elles sont solides, 35 de ces bouteilles de 40ML dans une bo\u00eete ! Une \u00e0 une, elles sont richement remplies de notre huile d&#8217;olive extra vierge. Saviez-vous que l&#8217;huile d&#8217;olive Gkazas est non filtr\u00e9e, biologique et press\u00e9e \u00e0 froid ? Et qu&#8217;elle est exempte d&#8217;additifs et non m\u00e9lang\u00e9e \u00e0 d&#8217;autres huiles ? Oui, 100% naturel !<\/p>\n<p>L&#8217;huile d&#8217;olive Gkazas est produite sur nos propres terres dans les montagnes de Cr\u00e8te. Nous le faisons \u00e0 nos mains nues de la mani\u00e8re la plus authentique possible. De la r\u00e9colte \u00e0 la pression. Ce n&#8217;est que par cette voie authentique que nous pouvons garantir que notre huile d&#8217;olive extra vierge est de la meilleure qualit\u00e9. Le fait que notre huile d&#8217;olive grecque soit un produit familial honn\u00eate est la cerise sur le g\u00e2teau.<\/p>\n<p>Alors que nous sommes encore tr\u00e8s occup\u00e9s \u00e0 cueillir nos olives dans nos bosquets en Cr\u00e8te, les bouteilles de 40ML prennent vie en Europe de l&#8217;Est. Apr\u00e8s quelques mois, l&#8217;huile grecque est pr\u00e9par\u00e9e pour le transport vers les Pays-Bas. Ici, nos bouteilles de 40ml attendent d&#8217;\u00eatre remplies \u00e0 ras bord !<\/p>\n<p>Vous pouvez retourner notre produit dans les 30 jours si vous n&#8217;\u00eates pas satisfait \u00e0 100 % du co\u00fbt total du produit.<\/p>\n<p>Tous les produits \u00e0 retourner doivent \u00eatre renvoy\u00e9s dans leur \u00e9tat d&#8217;origine.<\/p>\n<p>ID de l&#8217;article\u00a0: 0953<br \/>\nEAN\u00a0: 8719327000953<\/p>\n<p>&nbsp;<\/p>\n","protected":false},"excerpt":{"rendered":" ","protected":false},"featured_media":116948,"template":"","meta":[],"product_cat":[675],"product_tag":[],"acf":[],"_links":{"self":[{"href":"https:\/\/testing.gkazas.com\/fr\/wp-json\/wp\/v2\/product\/116938"}],"collection":[{"href":"https:\/\/testing.gkazas.com\/fr\/wp-json\/wp\/v2\/product"}],"about":[{"href":"https:\/\/testing.gkazas.com\/fr\/wp-json\/wp\/v2\/types\/product"}],"wp:featuredmedia":[{"embeddable":true,"href":"https:\/\/testing.gkazas.com\/fr\/wp-json\/wp\/v2\/media\/116948"}],"wp:attachment":[{"href":"https:\/\/testing.gkazas.com\/fr\/wp-json\/wp\/v2\/media?parent=116938"}],"wp:term":[{"taxonomy":"product_cat","embeddable":true,"href":"https:\/\/testing.gkazas.com\/fr\/wp-json\/wp\/v2\/product_cat?post=116938"},{"taxonomy":"product_tag","embeddable":true,"href":"https:\/\/testing.gkazas.com\/fr\/wp-json\/wp\/v2\/product_tag?post=116938"}],"curies":[{"name":"wp","href":"https:\/\/api.w.org\/{rel}","templated":true}]}}