{"id":116933,"date":"2021-01-14T11:39:39","date_gmt":"2021-01-14T11:39:39","guid":{"rendered":"https:\/\/gkazas.com\/product\/250ml\/"},"modified":"2023-02-09T11:38:32","modified_gmt":"2023-02-09T11:38:32","slug":"250ml","status":"publish","type":"product","link":"https:\/\/testing.gkazas.com\/fr\/produit\/250ml\/","title":{"rendered":"Gkazas bouteille 250ml"},"content":{"rendered":"<h3>Bouteille 250ml d&#8217;huile d&#8217;olive<\/h3>\n<p>&nbsp;<\/p>\n<p>L&#8217;\u00e9l\u00e9gante ! On raffole tous secr\u00e8tement des &#8220;petites&#8221; variantes sur les gros produits. On peut ais\u00e9ment dire que cette \u00e9dition est un incontournable. Le cadeau id\u00e9al pour votre partenaire. Ou pour un ami qui aime cuisiner bien s\u00fbr.<\/p>\n<p>Petite mais puissante, c&#8217;est \u00e7a la bouteille de 250ml ! Notre huile d&#8217;olive extra <a href=\"https:\/\/gkazas.com\/nl\/extra-vierge-olijfolie\/\" target=\"_blank\" rel=\"noopener nofollow\">vierge<\/a> est un produit familial honn\u00eate. L&#8217;huile d&#8217;olive grecque <a href=\"https:\/\/gkazas.com\/nl\/\" target=\"_blank\" rel=\"noopener nofollow\">Gkazas<\/a> est produite par nous-m\u00eames dans les montagnes de Cr\u00e8te.<\/p>\n<p>Notre mission est d&#8217;assurer la qualit\u00e9 d&#8217;huile aussi haute que possible. Nous veillons \u00e0 ce que notre huile d&#8217;olive extra <a href=\"https:\/\/gkazas.com\/nl\/extra-vierge-olijfolie\/\" rel=\"nofollow noopener\" target=\"_blank\">vierge<\/a> ne soit pas m\u00e9lang\u00e9e \u00e0 d&#8217;autres huiles et ne contienne aucun additif. De plus, elle est non filtr\u00e9e, biologique et press\u00e9e \u00e0 froid. Un produit 100% naturel ! La r\u00e9colte et la pression se font \u00e0 la main, de la mani\u00e8re la plus authentique. Ce mode de production authentique garantit la plus haute qualit\u00e9 d&#8217;huile d&#8217;olive.<\/p>\n<p>Alors que nous sommes occup\u00e9s \u00e0 r\u00e9colter nos olives en Cr\u00e8te, cette bouteille de 250 ML prend vie en Europe de l&#8217;Est. Apr\u00e8s des mois de d\u00e9cantation naturelle, notre huile d&#8217;olive grecque est pr\u00eate \u00e0 \u00eatre transport\u00e9e aux Pays-Bas. Ici, les petites bouteilles attendent d&#8217; \u00eatre remplies. Et puis c&#8217;est \u00e0 vous de d\u00e9guster l&#8217;huile d\u00e9liceuse de <a href=\"https:\/\/gkazas.com\/nl\/deeldeliefde\/\" target=\"_blank\" rel=\"noopener nofollow\">Gkazas<\/a>.<\/p>\n<p>Vous pouvez retourner notre produit dans les 30 jours si vous n&#8217;\u00eates pas satisfait \u00e0 100 % du co\u00fbt total du produit.<\/p>\n<p>Tous les produits \u00e0 retourner doivent \u00eatre renvoy\u00e9s dans leur \u00e9tat d&#8217;origine.<\/p>\n<p>ID de l&#8217;article\u00a0: 2572<br \/>\nEAN\u00a0: 8717953082572<\/p>\n<p>&nbsp;<\/p>\n","protected":false},"excerpt":{"rendered":" ","protected":false},"featured_media":116937,"template":"","meta":[],"product_cat":[675],"product_tag":[],"acf":[],"_links":{"self":[{"href":"https:\/\/testing.gkazas.com\/fr\/wp-json\/wp\/v2\/product\/116933"}],"collection":[{"href":"https:\/\/testing.gkazas.com\/fr\/wp-json\/wp\/v2\/product"}],"about":[{"href":"https:\/\/testing.gkazas.com\/fr\/wp-json\/wp\/v2\/types\/product"}],"wp:featuredmedia":[{"embeddable":true,"href":"https:\/\/testing.gkazas.com\/fr\/wp-json\/wp\/v2\/media\/116937"}],"wp:attachment":[{"href":"https:\/\/testing.gkazas.com\/fr\/wp-json\/wp\/v2\/media?parent=116933"}],"wp:term":[{"taxonomy":"product_cat","embeddable":true,"href":"https:\/\/testing.gkazas.com\/fr\/wp-json\/wp\/v2\/product_cat?post=116933"},{"taxonomy":"product_tag","embeddable":true,"href":"https:\/\/testing.gkazas.com\/fr\/wp-json\/wp\/v2\/product_tag?post=116933"}],"curies":[{"name":"wp","href":"https:\/\/api.w.org\/{rel}","templated":true}]}}