{"id":116925,"date":"2021-01-14T11:39:13","date_gmt":"2021-01-14T11:39:13","guid":{"rendered":"https:\/\/gkazas.com\/product\/1liter\/"},"modified":"2023-02-07T11:28:50","modified_gmt":"2023-02-07T11:28:50","slug":"1liter","status":"publish","type":"product","link":"https:\/\/testing.gkazas.com\/fr\/produit\/1liter\/","title":{"rendered":"Gkazas 1 L"},"content":{"rendered":"<p>&nbsp;<\/p>\n<p>Notre bouteille en m\u00e9tal ronde caract\u00e9ristique ! Non seulement la couleur vert olive de la bouteille r\u00e9fl\u00e8te la belle couleur de l&#8217;huile, mais elle assure \u00e9galement un \u00e9clat de classe \u00e0 la table dress\u00e9e. Bien entendu nous vous laissons libre de verser votre huile d&#8217;olive grecque dans une carafe en verre\u2026<\/p>\n<p>Le bidon de 1 litre avec bec verseur pratique rempli d&#8217;huile d&#8217;olive grecque. Notre huile d&#8217;olive extra vierge est 100% naturelle, biologique, non filtr\u00e9e et press\u00e9e \u00e0 froid. De plus, elle n&#8217;est pas m\u00e9lang\u00e9e avec d&#8217;autres huiles et exempte d&#8217;autres additifs.<\/p>\n<p>Mais il y a plus ! Nous mettons tout en \u0153uvre pour garantir un produit familial honn\u00eate. L&#8217;huile d&#8217;olive <a href=\"https:\/\/gkazas.com\/nl\/deeldeliefde\/\" rel=\"nofollow noopener\" target=\"_blank\">Gkazas<\/a> est produite par nous-m\u00eames dans les montagnes de Cr\u00e8te. La r\u00e9colte et la pression se font de la mani\u00e8re la plus authentique possible : de nos propres mains. De cette fa\u00e7on, nous pouvons garantir une huile d&#8217;olive extra vierge de la meilleure qualit\u00e9.<\/p>\n<p>Pendant que nous sommes occup\u00e9s \u00e0 cueillir les olives des arbres en Cr\u00e8te, les bidons de 1 litre sont produits. Apr\u00e8s quelques mois de d\u00e9cantation naturelle, nous remplissons les bouteilles en m\u00e9tal avec amour et les pr\u00e9parons pour le transport vers les Pays-Bas : un produit familial enti\u00e8rement cr\u00e9tois.<\/p>\n<p>Vous pouvez retourner notre produit dans les 30 jours si vous n&#8217;\u00eates pas satisfait \u00e0 100 % du co\u00fbt total du produit.<\/p>\n<p>Tous les produits \u00e0 retourner doivent \u00eatre renvoy\u00e9s dans leur \u00e9tat d&#8217;origine.<\/p>\n<p>ID de l&#8217;article\u00a0: 915<br \/>\nEAN\u00a0: 8719327000915<\/p>\n<p>&nbsp;<\/p>\n","protected":false},"excerpt":{"rendered":" ","protected":false},"featured_media":116927,"template":"","meta":[],"product_cat":[675],"product_tag":[],"acf":[],"_links":{"self":[{"href":"https:\/\/testing.gkazas.com\/fr\/wp-json\/wp\/v2\/product\/116925"}],"collection":[{"href":"https:\/\/testing.gkazas.com\/fr\/wp-json\/wp\/v2\/product"}],"about":[{"href":"https:\/\/testing.gkazas.com\/fr\/wp-json\/wp\/v2\/types\/product"}],"wp:featuredmedia":[{"embeddable":true,"href":"https:\/\/testing.gkazas.com\/fr\/wp-json\/wp\/v2\/media\/116927"}],"wp:attachment":[{"href":"https:\/\/testing.gkazas.com\/fr\/wp-json\/wp\/v2\/media?parent=116925"}],"wp:term":[{"taxonomy":"product_cat","embeddable":true,"href":"https:\/\/testing.gkazas.com\/fr\/wp-json\/wp\/v2\/product_cat?post=116925"},{"taxonomy":"product_tag","embeddable":true,"href":"https:\/\/testing.gkazas.com\/fr\/wp-json\/wp\/v2\/product_tag?post=116925"}],"curies":[{"name":"wp","href":"https:\/\/api.w.org\/{rel}","templated":true}]}}