{"id":116911,"date":"2021-01-14T09:49:16","date_gmt":"2021-01-14T09:49:16","guid":{"rendered":"https:\/\/gkazas.com\/product\/5liter\/"},"modified":"2023-06-21T15:06:46","modified_gmt":"2023-06-21T15:06:46","slug":"5liter","status":"publish","type":"product","link":"https:\/\/testing.gkazas.com\/fr\/produit\/5liter\/","title":{"rendered":"Gkazas 5 L"},"content":{"rendered":"<h3>Bidon 5 litres d&#8217;huile d&#8217;olive<\/h3>\n<p>Vous cherchez la meilleure huile d&#8217;olive? Celui-ci est pour l&#8217;utilisateur exp\u00e9riment\u00e9\u00a0! Saviez-vous que le Grec &#8220;authentique&#8221; consomme en moyenne 30 litres d&#8217;huile d&#8217;olive par personne et par an ? Nous, les N\u00e9erlandais, ne consommons &#8220;que&#8221; environ 1 litre par an en moyenne. Ce bidon de 5 litres d&#8217;huile d&#8217;olive extra vierge vous encouragera \u00e0 cuisiner quotidiennement avec de l&#8217;huile d&#8217;olive et \u00e0 adopter le style de vie grec.<\/p>\n<p>Le bidon de 5 litres, pour le grand amateur d&#8217;huile d&#8217;olive. Notre huile d&#8217;olive extra vierge est non filtr\u00e9e, press\u00e9e \u00e0 froid et biologique. De plus, l&#8217;huile <a href=\"https:\/\/gkazas.com\/nl\/ons-verhaal\/\" target=\"_blank\" rel=\"noopener nofollow\">Gkazas<\/a> n&#8217;est pas m\u00e9lang\u00e9e avec d&#8217;autres huiles et exempte d&#8217;autres additifs. La nature \u00e0 son meilleur !<\/p>\n<p>Nous sommes \u00e9galement fiers de dire que <a href=\"https:\/\/gkazas.com\/fr\/our-story\/\" target=\"_blank\" rel=\"noopener nofollow\">Gkazas<\/a> est un produit familial honn\u00eate. L&#8217;huile d&#8217;olive est produite de nos propres mains dans les montagnes de Cr\u00e8te. Il en va de m\u00eame pour la r\u00e9colte et la pression de notre huile d&#8217;olive grecque. Nous remplissons nos bidons avec amour pr\u00e8s de nos oliveraies et les transportons ensuite aux Pays-Bas. Un produit cr\u00e9tois authentique !<\/p>\n<p>Vous pouvez retourner notre produit dans les 30 jours si vous n&#8217;\u00eates pas satisfait \u00e0 100 % du co\u00fbt total du produit.<\/p>\n<p>Tous les produits \u00e0 retourner doivent \u00eatre renvoy\u00e9s dans leur \u00e9tat d&#8217;origine.<\/p>\n<p>ID de l&#8217;article\u00a0: 2510<br \/>\nEAN\u00a0: 8717953082510<\/p>\n<p>&nbsp;<\/p>\n<p>&nbsp;<\/p>\n","protected":false},"excerpt":{"rendered":" ","protected":false},"featured_media":116917,"template":"","meta":[],"product_cat":[675],"product_tag":[],"acf":[],"_links":{"self":[{"href":"https:\/\/testing.gkazas.com\/fr\/wp-json\/wp\/v2\/product\/116911"}],"collection":[{"href":"https:\/\/testing.gkazas.com\/fr\/wp-json\/wp\/v2\/product"}],"about":[{"href":"https:\/\/testing.gkazas.com\/fr\/wp-json\/wp\/v2\/types\/product"}],"wp:featuredmedia":[{"embeddable":true,"href":"https:\/\/testing.gkazas.com\/fr\/wp-json\/wp\/v2\/media\/116917"}],"wp:attachment":[{"href":"https:\/\/testing.gkazas.com\/fr\/wp-json\/wp\/v2\/media?parent=116911"}],"wp:term":[{"taxonomy":"product_cat","embeddable":true,"href":"https:\/\/testing.gkazas.com\/fr\/wp-json\/wp\/v2\/product_cat?post=116911"},{"taxonomy":"product_tag","embeddable":true,"href":"https:\/\/testing.gkazas.com\/fr\/wp-json\/wp\/v2\/product_tag?post=116911"}],"curies":[{"name":"wp","href":"https:\/\/api.w.org\/{rel}","templated":true}]}}