{"id":115224,"date":"2022-01-27T16:09:12","date_gmt":"2022-01-27T16:09:12","guid":{"rendered":"https:\/\/gkazas.com\/?page_id=115224"},"modified":"2022-07-27T12:11:44","modified_gmt":"2022-07-27T12:11:44","slug":"share-the-love","status":"publish","type":"page","link":"https:\/\/testing.gkazas.com\/fr\/share-the-love\/","title":{"rendered":"Partagez l&#8217;amour"},"content":{"rendered":"<p>Tout comme 12.425 autres avant vous, recevez une bo\u00eete de 50 ml gratuite. Pendant que vous y \u00eates, vous pouvez \u00e9galement nous signaler quel(le) ami(e) et \/ ou membre de la famille m\u00e9rite d&#8217;en recevoir une!<\/p>\n","protected":false},"excerpt":{"rendered":" ","protected":false},"author":24302,"featured_media":117211,"parent":0,"menu_order":0,"comment_status":"closed","ping_status":"closed","template":"","meta":{"footnotes":""},"acf":[],"_links":{"self":[{"href":"https:\/\/testing.gkazas.com\/fr\/wp-json\/wp\/v2\/pages\/115224"}],"collection":[{"href":"https:\/\/testing.gkazas.com\/fr\/wp-json\/wp\/v2\/pages"}],"about":[{"href":"https:\/\/testing.gkazas.com\/fr\/wp-json\/wp\/v2\/types\/page"}],"author":[{"embeddable":true,"href":"https:\/\/testing.gkazas.com\/fr\/wp-json\/wp\/v2\/users\/24302"}],"replies":[{"embeddable":true,"href":"https:\/\/testing.gkazas.com\/fr\/wp-json\/wp\/v2\/comments?post=115224"}],"version-history":[{"count":5,"href":"https:\/\/testing.gkazas.com\/fr\/wp-json\/wp\/v2\/pages\/115224\/revisions"}],"predecessor-version":[{"id":118747,"href":"https:\/\/testing.gkazas.com\/fr\/wp-json\/wp\/v2\/pages\/115224\/revisions\/118747"}],"wp:featuredmedia":[{"embeddable":true,"href":"https:\/\/testing.gkazas.com\/fr\/wp-json\/wp\/v2\/media\/117211"}],"wp:attachment":[{"href":"https:\/\/testing.gkazas.com\/fr\/wp-json\/wp\/v2\/media?parent=115224"}],"curies":[{"name":"wp","href":"https:\/\/api.w.org\/{rel}","templated":true}]}}