{"id":115187,"date":"2022-01-27T15:22:07","date_gmt":"2022-01-27T15:22:07","guid":{"rendered":"https:\/\/gkazas.com\/?page_id=115187"},"modified":"2023-03-22T15:14:21","modified_gmt":"2023-03-22T15:14:21","slug":"choose-your-olive-oil-subscription","status":"publish","type":"page","link":"https:\/\/testing.gkazas.com\/fr\/choose-your-olive-oil-subscription\/","title":{"rendered":"Choisissez votre abonnement"},"content":{"rendered":"<p>*Roulements de tambour* &#8216;l&#8217;abonnement \u00e0 l&#8217;Huile d&#8217;Olive Gkazas. Le tout premier abonnement mensuel \u00e0 l&#8217;huile d&#8217;olive dans une bo\u00eete en m\u00e9tal recyclable qui passe dans votre bo\u00eete aux lettres. Choisissez vous-m\u00eame votre abonnement ci-dessous. Outre votre p\u00e9riode d&#8217;abonnement, vous pouvez \u00e9galement s\u00e9lectionner la quantit\u00e9 d&#8217;huile d&#8217;olive que vous souhaitez recevoir.<\/p>\n","protected":false},"excerpt":{"rendered":" ","protected":false},"author":24302,"featured_media":115046,"parent":0,"menu_order":0,"comment_status":"closed","ping_status":"closed","template":"page-templates\/subscription.php","meta":{"footnotes":""},"acf":[],"_links":{"self":[{"href":"https:\/\/testing.gkazas.com\/fr\/wp-json\/wp\/v2\/pages\/115187"}],"collection":[{"href":"https:\/\/testing.gkazas.com\/fr\/wp-json\/wp\/v2\/pages"}],"about":[{"href":"https:\/\/testing.gkazas.com\/fr\/wp-json\/wp\/v2\/types\/page"}],"author":[{"embeddable":true,"href":"https:\/\/testing.gkazas.com\/fr\/wp-json\/wp\/v2\/users\/24302"}],"replies":[{"embeddable":true,"href":"https:\/\/testing.gkazas.com\/fr\/wp-json\/wp\/v2\/comments?post=115187"}],"version-history":[{"count":20,"href":"https:\/\/testing.gkazas.com\/fr\/wp-json\/wp\/v2\/pages\/115187\/revisions"}],"predecessor-version":[{"id":126977,"href":"https:\/\/testing.gkazas.com\/fr\/wp-json\/wp\/v2\/pages\/115187\/revisions\/126977"}],"wp:featuredmedia":[{"embeddable":true,"href":"https:\/\/testing.gkazas.com\/fr\/wp-json\/wp\/v2\/media\/115046"}],"wp:attachment":[{"href":"https:\/\/testing.gkazas.com\/fr\/wp-json\/wp\/v2\/media?parent=115187"}],"curies":[{"name":"wp","href":"https:\/\/api.w.org\/{rel}","templated":true}]}}